{"id":2143,"date":"2022-09-26T16:43:16","date_gmt":"2022-09-26T15:43:16","guid":{"rendered":"https:\/\/luxurybay.riviera.365villas.com\/privacidad\/"},"modified":"2023-09-06T23:25:34","modified_gmt":"2023-09-06T22:25:34","slug":"privacidad","status":"publish","type":"page","link":"https:\/\/luxurybay.riviera.365villas.com\/es\/privacidad\/","title":{"rendered":"Privacidad"},"content":{"rendered":"<p>[et_pb_section fb_built=&#8221;1&#8243; fullwidth=&#8221;on&#8221; _builder_version=&#8221;4.18.0&#8243; _module_preset=&#8221;default&#8221; global_colors_info=&#8221;{}&#8221;][et_pb_fullwidth_header title=&#8221;pol\u00edtica de privacidad&#8221; text_orientation=&#8221;center&#8221; _builder_version=&#8221;4.18.0&#8243; _module_preset=&#8221;default&#8221; title_font=&#8221;|700|||||||&#8221; title_font_size=&#8221;45px&#8221; background_color=&#8221;#f7f7f7&#8243; background_enable_image=&#8221;off&#8221; background_layout=&#8221;light&#8221; custom_padding=&#8221;70px||0px||false|false&#8221; custom_padding_tablet=&#8221;75px||75px||true|false&#8221; custom_padding_phone=&#8221;50px||50px||true|true&#8221; custom_padding_last_edited=&#8221;on|phone&#8221; title_font_size_tablet=&#8221;50px&#8221; title_font_size_phone=&#8221;35px&#8221; title_font_size_last_edited=&#8221;on|tablet&#8221; subhead_font_size_tablet=&#8221;16px&#8221; subhead_font_size_phone=&#8221;16px&#8221; subhead_font_size_last_edited=&#8221;on|desktop&#8221; global_colors_info=&#8221;{}&#8221; header_font_size_tablet=&#8221;50px&#8221; header_font_size_phone=&#8221;35px&#8221; header_font_size_last_edited=&#8221;on|phone&#8221;][\/et_pb_fullwidth_header][\/et_pb_section][et_pb_section fb_built=&#8221;1&#8243; custom_padding_last_edited=&#8221;on|phone&#8221; _builder_version=&#8221;4.18.0&#8243; _module_preset=&#8221;default&#8221; background_color=&#8221;#f7f7f7&#8243; use_background_color_gradient=&#8221;on&#8221; background_color_gradient_direction=&#8221;360deg&#8221; background_color_gradient_stops=&#8221;#ffffff 0%|#f7f7f7 100%&#8221; custom_padding=&#8221;40px||||false|false&#8221; custom_padding_tablet=&#8221;0px||||false|false&#8221; custom_padding_phone=&#8221;0px||||false|false&#8221; global_colors_info=&#8221;{}&#8221;][et_pb_row _builder_version=&#8221;4.18.0&#8243; _module_preset=&#8221;default&#8221; width=&#8221;50%&#8221; width_tablet=&#8221;80%&#8221; width_phone=&#8221;80%&#8221; width_last_edited=&#8221;on|phone&#8221; custom_padding=&#8221;0px||0px||false|false&#8221; global_colors_info=&#8221;{}&#8221;][et_pb_column type=&#8221;4_4&#8243; _builder_version=&#8221;4.18.0&#8243; _module_preset=&#8221;default&#8221; global_colors_info=&#8221;{}&#8221;][et_pb_code _builder_version=&#8221;4.18.0&#8243; _module_preset=&#8221;default&#8221; hover_enabled=&#8221;0&#8243; global_colors_info=&#8221;{}&#8221; sticky_enabled=&#8221;0&#8243;]<\/p>\n<h1 class=\"privacy-policy-h1\">Pol\u00edtica de Privacidad<!-- [et_pb_line_break_holder] --><!\u2013- [et_pb_br_holder] -\u2013><span>\u00daltima actualizaci\u00f3n el 13 de diciembre de 2022<\/span><!-- [et_pb_line_break_holder] --><!\u2013- [et_pb_br_holder] -\u2013><span>\u00daltima actualizaci\u00f3n el 13 de diciembre de 2022<\/span><!-- [et_pb_line_break_holder] --><\/h1>\n<p><!-- [et_pb_line_break_holder] --><!-- [et_pb_line_break_holder] --><pee class=\"privacy-policy-p\"><!-- [et_pb_line_break_holder] --> Esta Pol\u00edtica de Privacidad describe las pol\u00edticas de<!-- [et_pb_line_break_holder] --><!-- [et_pb_line_break_holder] -->    [your name &#038; address],<!-- [et_pb_line_break_holder] --> email: hello@lujovillas.com,<!-- [et_pb_line_break_holder] --> phone: 01234567890<!-- [et_pb_line_break_holder] --><!-- [et_pb_line_break_holder] --> on the collection,<!-- [et_pb_line_break_holder] --> use and disclosure of your information that we collect<!-- [et_pb_line_break_holder] --> when you use our website ( https:\/\/lujovillas.com ).<!-- [et_pb_line_break_holder] --> (the \u201cService\u201d). By accessing or using<!-- [et_pb_line_break_holder] --> the<!-- [et_pb_line_break_holder] --> Service, you are consenting to the collection, use and<!-- [et_pb_line_break_holder] --> disclosure of your information in accordance with this<!-- [et_pb_line_break_holder] --> Privacy Policy. If you do not consent to the same,<!-- [et_pb_line_break_holder] --> please do not access or use the Service.<!-- [et_pb_line_break_holder] --><\/pee><!-- [et_pb_line_break_holder] --><!-- [et_pb_line_break_holder] --><pee class=\"privacy-policy-p\"><!-- [et_pb_line_break_holder] --> We may modify this Privacy Policy at any time without<!-- [et_pb_line_break_holder] --> any prior notice to you and will post the revised<!-- [et_pb_line_break_holder] --> Privacy Policy on the Service. The revised Policy will<!-- [et_pb_line_break_holder] --> be effective 180 days from when the<!-- [et_pb_line_break_holder] --> revised Policy is posted in the Service and your<!-- [et_pb_line_break_holder] --> continued access or use of the Service after such time<!-- [et_pb_line_break_holder] --> will constitute your acceptance of the revised Privacy<!-- [et_pb_line_break_holder] --> Policy. We therefore recommend that you periodically<!-- [et_pb_line_break_holder] --> review this page.<!-- [et_pb_line_break_holder] --><\/pee><!-- [et_pb_line_break_holder] --><!-- [et_pb_line_break_holder] --><\/p>\n<ol class=\"privacy-policy-ol\"><!-- [et_pb_line_break_holder] -->        <\/p>\n<li><!-- [et_pb_line_break_holder] --><br \/>\n<h2 class=\"privacy-policy-h2\"><!-- [et_pb_line_break_holder] --> Information We Collect:<!-- [et_pb_line_break_holder] -->        <\/h2>\n<p><!-- [et_pb_line_break_holder] --><!-- [et_pb_line_break_holder] -->        <!-- [et_pb_line_break_holder] -->        <pee class=\"privacy-policy-p\"><!-- [et_pb_line_break_holder] --> We will collect and process the following<!-- [et_pb_line_break_holder] --> personal information about you:<!-- [et_pb_line_break_holder] -->        <\/pee><!-- [et_pb_line_break_holder] -->        <\/p>\n<ol class=\"privacy-policy-ol\"><!-- [et_pb_line_break_holder] --><!-- [et_pb_line_break_holder] -->                        <\/p>\n<li>Name<\/li>\n<p><!-- [et_pb_line_break_holder] -->            <!-- [et_pb_line_break_holder] -->                        <\/p>\n<li>Email<\/li>\n<p><!-- [et_pb_line_break_holder] -->            <!-- [et_pb_line_break_holder] -->                        <\/p>\n<li>Mobile<\/li>\n<p><!-- [et_pb_line_break_holder] -->            <!-- [et_pb_line_break_holder] -->            <!-- [et_pb_line_break_holder] -->                        <\/p>\n<li>Date of Birth<\/li>\n<p><!-- [et_pb_line_break_holder] -->            <!-- [et_pb_line_break_holder] -->                        <\/p>\n<li>Address<\/li>\n<p><!-- [et_pb_line_break_holder] -->            <!-- [et_pb_line_break_holder] -->                        <\/p>\n<li>Work Address<\/li>\n<p><!-- [et_pb_line_break_holder] -->            <!-- [et_pb_line_break_holder] -->                        <\/p>\n<li>Payment Info<\/li>\n<p><!-- [et_pb_line_break_holder] -->                        <!-- [et_pb_line_break_holder] -->                                    <!-- [et_pb_line_break_holder] -->        <\/ol>\n<p><!-- [et_pb_line_break_holder] -->        <!-- [et_pb_line_break_holder] --><!-- [et_pb_line_break_holder] -->        <!-- [et_pb_line_break_holder] --><!-- [et_pb_line_break_holder] -->    <\/li>\n<p><!-- [et_pb_line_break_holder] --><!-- [et_pb_line_break_holder] -->    <!-- [et_pb_line_break_holder] -->    <!-- [et_pb_line_break_holder] --><!-- [et_pb_line_break_holder] -->        <\/p>\n<li><!-- [et_pb_line_break_holder] --><br \/>\n<h2 class=\"privacy-policy-h2\"><!-- [et_pb_line_break_holder] --> How We Use Your Information:<!-- [et_pb_line_break_holder] -->        <\/h2>\n<p><!-- [et_pb_line_break_holder] -->        <pee class=\"privacy-policy-p\"><!-- [et_pb_line_break_holder] --> We will use the information that we collect<!-- [et_pb_line_break_holder] --> about you for the following purposes:<!-- [et_pb_line_break_holder] -->        <\/pee><!-- [et_pb_line_break_holder] -->        <\/p>\n<ol class=\"privacy-policy-ol\"><!-- [et_pb_line_break_holder] --><!-- [et_pb_line_break_holder] -->                        <\/p>\n<li>Marketing\/ Promotional<\/li>\n<p><!-- [et_pb_line_break_holder] -->            <!-- [et_pb_line_break_holder] -->            <!-- [et_pb_line_break_holder] -->                        <\/p>\n<li>Testimonals<\/li>\n<p><!-- [et_pb_line_break_holder] -->            <!-- [et_pb_line_break_holder] -->                        <\/p>\n<li>Customer feedback collection<\/li>\n<p><!-- [et_pb_line_break_holder] -->            <!-- [et_pb_line_break_holder] -->                        <\/p>\n<li>Enforce T&amp;C<\/li>\n<p><!-- [et_pb_line_break_holder] -->            <!-- [et_pb_line_break_holder] -->                        <\/p>\n<li>Processing payment<\/li>\n<p><!-- [et_pb_line_break_holder] -->            <!-- [et_pb_line_break_holder] -->            <!-- [et_pb_line_break_holder] -->            <!-- [et_pb_line_break_holder] -->            <!-- [et_pb_line_break_holder] -->                        <\/p>\n<li>Manage customer order<\/li>\n<p><!-- [et_pb_line_break_holder] -->            <!-- [et_pb_line_break_holder] -->            <!-- [et_pb_line_break_holder] -->            <!-- [et_pb_line_break_holder] -->            <!-- [et_pb_line_break_holder] -->            <!-- [et_pb_line_break_holder] -->        <\/ol>\n<p><!-- [et_pb_line_break_holder] -->        <pee class=\"privacy-policy-p\"><!-- [et_pb_line_break_holder] --> If we want to use your information for any other<!-- [et_pb_line_break_holder] --> purpose, we will ask you for consent and will<!-- [et_pb_line_break_holder] --> use your information only on receiving your<!-- [et_pb_line_break_holder] --> consent and then, only for the purpose(s) for<!-- [et_pb_line_break_holder] --> which grant consent unless we are required to do<!-- [et_pb_line_break_holder] --> otherwise by law.<!-- [et_pb_line_break_holder] -->        <\/pee><!-- [et_pb_line_break_holder] -->    <\/li>\n<p><!-- [et_pb_line_break_holder] -->    <!-- [et_pb_line_break_holder] -->    <!-- [et_pb_line_break_holder] --><!-- [et_pb_line_break_holder] -->        <\/p>\n<li><!-- [et_pb_line_break_holder] --><br \/>\n<h2 class=\"privacy-policy-h2\"><!-- [et_pb_line_break_holder] --> Retention Of Your Information:<!-- [et_pb_line_break_holder] -->        <\/h2>\n<p><!-- [et_pb_line_break_holder] -->        <pee class=\"privacy-policy-p\"><!-- [et_pb_line_break_holder] --> We will retain your personal information with us<!-- [et_pb_line_break_holder] --> for<!-- [et_pb_line_break_holder] --> 90 days to 2 years after users terminate their accounts<!-- [et_pb_line_break_holder] --> or for as<!-- [et_pb_line_break_holder] --> long as we need it to fulfill the purposes for<!-- [et_pb_line_break_holder] --> which it was collected as detailed in this<!-- [et_pb_line_break_holder] --> Privacy Policy. We may need to retain certain<!-- [et_pb_line_break_holder] --> information for longer periods such as<!-- [et_pb_line_break_holder] --> record-keeping \/ reporting in accordance with<!-- [et_pb_line_break_holder] --> applicable law or for other legitimate reasons<!-- [et_pb_line_break_holder] --> like enforcement of legal rights, fraud<!-- [et_pb_line_break_holder] --> prevention, etc. Residual anonymous information<!-- [et_pb_line_break_holder] --> and aggregate information, neither of which<!-- [et_pb_line_break_holder] --> identifies you (directly or indirectly), may be<!-- [et_pb_line_break_holder] --> stored indefinitely.<!-- [et_pb_line_break_holder] -->        <\/pee><!-- [et_pb_line_break_holder] -->    <\/li>\n<p><!-- [et_pb_line_break_holder] -->    <!-- [et_pb_line_break_holder] -->    <\/p>\n<li><!-- [et_pb_line_break_holder] --><br \/>\n<h2 class=\"privacy-policy-h2\"><!-- [et_pb_line_break_holder] --> Your Rights:<!-- [et_pb_line_break_holder] -->        <\/h2>\n<p><!-- [et_pb_line_break_holder] -->        <pee class=\"privacy-policy-p\"><!-- [et_pb_line_break_holder] --> Depending on the law that applies, you may have<!-- [et_pb_line_break_holder] --> a right to access and rectify or erase your<!-- [et_pb_line_break_holder] --> personal data or receive a copy of your personal<!-- [et_pb_line_break_holder] --> data, restrict or object to the active<!-- [et_pb_line_break_holder] --> processing of your data, ask us to share (port)<!-- [et_pb_line_break_holder] --> your personal information to another entity,<!-- [et_pb_line_break_holder] --> withdraw any consent you provided to us to<!-- [et_pb_line_break_holder] --> process your data, a right to lodge a complaint<!-- [et_pb_line_break_holder] --> with a statutory authority and such other rights<!-- [et_pb_line_break_holder] --> as may be relevant under applicable laws. To<!-- [et_pb_line_break_holder] --> exercise these rights, you can write to us at<!-- [et_pb_line_break_holder] --> joe365villas@gmail.com.<!-- [et_pb_line_break_holder] --> We will respond to your<!-- [et_pb_line_break_holder] --> request in accordance with applicable law.<!-- [et_pb_line_break_holder] -->        <\/pee><!-- [et_pb_line_break_holder] --><!-- [et_pb_line_break_holder] -->        <!-- [et_pb_line_break_holder] -->        <pee class=\"privacy-policy-p\"><!-- [et_pb_line_break_holder] --> Do note that if you do not allow us to collect<!-- [et_pb_line_break_holder] --> or process the required personal information or<!-- [et_pb_line_break_holder] --> withdraw the consent to process the same for the<!-- [et_pb_line_break_holder] --> required purposes, you may not be able to access<!-- [et_pb_line_break_holder] --> or use the services for which your information<!-- [et_pb_line_break_holder] --> was sought.<!-- [et_pb_line_break_holder] -->        <\/pee><!-- [et_pb_line_break_holder] -->    <\/li>\n<p><!-- [et_pb_line_break_holder] -->        <\/p>\n<li><!-- [et_pb_line_break_holder] --><br \/>\n<h2 class=\"privacy-policy-h2\"><!-- [et_pb_line_break_holder] --> Cookies Etc.<!-- [et_pb_line_break_holder] -->        <\/h2>\n<p><!-- [et_pb_line_break_holder] -->        <pee class=\"privacy-policy-p\"><!-- [et_pb_line_break_holder] --><!-- [et_pb_line_break_holder] -->            <!-- [et_pb_line_break_holder] --> To learn more about how we use these<!-- [et_pb_line_break_holder] --> and your choices in relation to these tracking<!-- [et_pb_line_break_holder] --> technologies, please refer to our<!-- [et_pb_line_break_holder] --> <a href=\"https:\/\/demo1.riviera.365villas.com\/cookies\">Cookie Policy.<\/a><!-- [et_pb_line_break_holder] -->        <\/pee><!-- [et_pb_line_break_holder] -->    <\/li>\n<p><!-- [et_pb_line_break_holder] -->    <!-- [et_pb_line_break_holder] -->    <\/p>\n<li><!-- [et_pb_line_break_holder] --><br \/>\n<h2 class=\"privacy-policy-h2\"><!-- [et_pb_line_break_holder] --> Security:<!-- [et_pb_line_break_holder] -->        <\/h2>\n<p><!-- [et_pb_line_break_holder] -->        <pee class=\"privacy-policy-p\"><!-- [et_pb_line_break_holder] --> The security of your information is important to<!-- [et_pb_line_break_holder] --> us and we will use reasonable security measures<!-- [et_pb_line_break_holder] --> to prevent the loss, misuse or unauthorized<!-- [et_pb_line_break_holder] --> alteration of your information under our<!-- [et_pb_line_break_holder] --> control. However, given the inherent risks, we<!-- [et_pb_line_break_holder] --> cannot guarantee absolute security and<!-- [et_pb_line_break_holder] --> consequently, we cannot ensure or warrant the<!-- [et_pb_line_break_holder] --> security of any information you transmit to us<!-- [et_pb_line_break_holder] --> and you do so at your own risk.<!-- [et_pb_line_break_holder] -->        <\/pee><!-- [et_pb_line_break_holder] -->    <\/li>\n<p><!-- [et_pb_line_break_holder] --><!-- [et_pb_line_break_holder] -->    <!-- [et_pb_line_break_holder] -->    <\/p>\n<li><!-- [et_pb_line_break_holder] --><br \/>\n<h2 class=\"privacy-policy-h2\"><!-- [et_pb_line_break_holder] --> Grievance \/ Data Protection Officer:<!-- [et_pb_line_break_holder] -->        <\/h2>\n<p><!-- [et_pb_line_break_holder] -->        <pee class=\"privacy-policy-p\"><!-- [et_pb_line_break_holder] --> If you have any queries or concerns about the<!-- [et_pb_line_break_holder] --> processing of your information that is available<!-- [et_pb_line_break_holder] --> with us, you may email our Grievance Officer at<!-- [et_pb_line_break_holder] --> LujoVillas,<!-- [et_pb_line_break_holder] --> 123 Test Street,<!-- [et_pb_line_break_holder] --> email: hello@lujovillas.com.<!-- [et_pb_line_break_holder] --> We will address your concerns in accordance with applicable law.<!-- [et_pb_line_break_holder] -->        <\/pee><!-- [et_pb_line_break_holder] -->    <\/li>\n<p><!-- [et_pb_line_break_holder] --><\/ol>\n<p><!-- [et_pb_line_break_holder] --><pee class=\"privacy-policy-p\"><!-- [et_pb_line_break_holder] --> Privacy Policy generated with <a target=\"_blank\" href=\"https:\/\/www.cookieyes.com\/?utm_source=PP&amp;utm_medium=footer&amp;utm_campaign=UW\" rel=\"noopener\">CookieYes<\/a>.<!-- [et_pb_line_break_holder] --><\/pee>[\/et_pb_code][\/et_pb_column][\/et_pb_row][\/et_pb_section]<\/p>\n","protected":false},"excerpt":{"rendered":"<p>Pol\u00edtica de Privacidad\u00daltima actualizaci\u00f3n el 13 de diciembre de 2022\u00daltima actualizaci\u00f3n el 13 de diciembre de 2022 Esta Pol\u00edtica de Privacidad describe las pol\u00edticas de [your name &#038; address], email: hello@lujovillas.com, phone: 01234567890 on the collection, use and disclosure of your information that we collect when you use our website ( https:\/\/lujovillas.com ). (the \u201cService\u201d). [&hellip;]<\/p>\n","protected":false},"author":1,"featured_media":0,"parent":0,"menu_order":15,"comment_status":"closed","ping_status":"closed","template":"","meta":{"_et_pb_use_builder":"on","_et_pb_old_content":"","_et_gb_content_width":"","inline_featured_image":false,"footnotes":""},"class_list":["post-2143","page","type-page","status-publish","hentry"],"yoast_head":"<!-- This site is optimized with the Yoast SEO Premium plugin v24.1 (Yoast SEO v26.6) - https:\/\/yoast.com\/wordpress\/plugins\/seo\/ -->\n<title>Privacidad - Luxury Bay Villas<\/title>\n<meta name=\"robots\" content=\"noindex, follow, max-snippet:-1, max-image-preview:large, max-video-preview:-1\" \/>\n<meta property=\"og:locale\" content=\"es_ES\" \/>\n<meta property=\"og:type\" content=\"article\" \/>\n<meta property=\"og:title\" content=\"Privacidad\" \/>\n<meta property=\"og:description\" content=\"Pol\u00edtica de Privacidad\u00daltima actualizaci\u00f3n el 13 de diciembre de 2022\u00daltima actualizaci\u00f3n el 13 de diciembre de 2022 Esta Pol\u00edtica de Privacidad describe las pol\u00edticas de [your name &amp; address], email: hello@lujovillas.com, phone: 01234567890 on the collection, use and disclosure of your information that we collect when you use our website ( https:\/\/lujovillas.com ). (the \u201cService\u201d). [&hellip;]\" \/>\n<meta property=\"og:url\" content=\"https:\/\/luxurybay.riviera.365villas.com\/es\/privacidad\/\" \/>\n<meta property=\"og:site_name\" content=\"Luxury Bay Villas\" \/>\n<meta property=\"article:modified_time\" content=\"2023-09-06T22:25:34+00:00\" \/>\n<meta name=\"twitter:card\" content=\"summary_large_image\" \/>\n<meta name=\"twitter:label1\" content=\"Tiempo de lectura\" \/>\n\t<meta name=\"twitter:data1\" content=\"5 minutos\" \/>\n<script type=\"application\/ld+json\" class=\"yoast-schema-graph\">{\"@context\":\"https:\/\/schema.org\",\"@graph\":[{\"@type\":\"WebPage\",\"@id\":\"https:\/\/luxurybay.riviera.365villas.com\/es\/privacidad\/\",\"url\":\"https:\/\/luxurybay.riviera.365villas.com\/es\/privacidad\/\",\"name\":\"Privacidad - Luxury Bay Villas\",\"isPartOf\":{\"@id\":\"https:\/\/luxurybay.riviera.365villas.com\/es\/#website\"},\"datePublished\":\"2022-09-26T15:43:16+00:00\",\"dateModified\":\"2023-09-06T22:25:34+00:00\",\"breadcrumb\":{\"@id\":\"https:\/\/luxurybay.riviera.365villas.com\/es\/privacidad\/#breadcrumb\"},\"inLanguage\":\"es\",\"potentialAction\":[{\"@type\":\"ReadAction\",\"target\":[\"https:\/\/luxurybay.riviera.365villas.com\/es\/privacidad\/\"]}]},{\"@type\":\"BreadcrumbList\",\"@id\":\"https:\/\/luxurybay.riviera.365villas.com\/es\/privacidad\/#breadcrumb\",\"itemListElement\":[{\"@type\":\"ListItem\",\"position\":1,\"name\":\"Home\",\"item\":\"https:\/\/luxurybay.riviera.365villas.com\/es\/\"},{\"@type\":\"ListItem\",\"position\":2,\"name\":\"Privacidad\"}]},{\"@type\":\"WebSite\",\"@id\":\"https:\/\/luxurybay.riviera.365villas.com\/es\/#website\",\"url\":\"https:\/\/luxurybay.riviera.365villas.com\/es\/\",\"name\":\"Riviera Theme\",\"description\":\"You dream holiday start here\",\"publisher\":{\"@id\":\"https:\/\/luxurybay.riviera.365villas.com\/es\/#organization\"},\"potentialAction\":[{\"@type\":\"SearchAction\",\"target\":{\"@type\":\"EntryPoint\",\"urlTemplate\":\"https:\/\/luxurybay.riviera.365villas.com\/es\/?s={search_term_string}\"},\"query-input\":{\"@type\":\"PropertyValueSpecification\",\"valueRequired\":true,\"valueName\":\"search_term_string\"}}],\"inLanguage\":\"es\"},{\"@type\":\"Organization\",\"@id\":\"https:\/\/luxurybay.riviera.365villas.com\/es\/#organization\",\"name\":\"LujoVillas\",\"url\":\"https:\/\/luxurybay.riviera.365villas.com\/es\/\",\"logo\":{\"@type\":\"ImageObject\",\"inLanguage\":\"es\",\"@id\":\"https:\/\/luxurybay.riviera.365villas.com\/es\/#\/schema\/logo\/image\/\",\"url\":\"https:\/\/demo1.riviera.365villas.com\/wp-content\/uploads\/sites\/19\/2022\/09\/lujo-logo-black.svg\",\"contentUrl\":\"https:\/\/demo1.riviera.365villas.com\/wp-content\/uploads\/sites\/19\/2022\/09\/lujo-logo-black.svg\",\"width\":\"1024\",\"height\":\"1024\",\"caption\":\"LujoVillas\"},\"image\":{\"@id\":\"https:\/\/luxurybay.riviera.365villas.com\/es\/#\/schema\/logo\/image\/\"}}]}<\/script>\n<!-- \/ Yoast SEO Premium plugin. -->","yoast_head_json":{"title":"Privacidad - Luxury Bay Villas","robots":{"index":"noindex","follow":"follow","max-snippet":"max-snippet:-1","max-image-preview":"max-image-preview:large","max-video-preview":"max-video-preview:-1"},"og_locale":"es_ES","og_type":"article","og_title":"Privacidad","og_description":"Pol\u00edtica de Privacidad\u00daltima actualizaci\u00f3n el 13 de diciembre de 2022\u00daltima actualizaci\u00f3n el 13 de diciembre de 2022 Esta Pol\u00edtica de Privacidad describe las pol\u00edticas de [your name & address], email: hello@lujovillas.com, phone: 01234567890 on the collection, use and disclosure of your information that we collect when you use our website ( https:\/\/lujovillas.com ). (the \u201cService\u201d). [&hellip;]","og_url":"https:\/\/luxurybay.riviera.365villas.com\/es\/privacidad\/","og_site_name":"Luxury Bay Villas","article_modified_time":"2023-09-06T22:25:34+00:00","twitter_card":"summary_large_image","twitter_misc":{"Tiempo de lectura":"5 minutos"},"schema":{"@context":"https:\/\/schema.org","@graph":[{"@type":"WebPage","@id":"https:\/\/luxurybay.riviera.365villas.com\/es\/privacidad\/","url":"https:\/\/luxurybay.riviera.365villas.com\/es\/privacidad\/","name":"Privacidad - Luxury Bay Villas","isPartOf":{"@id":"https:\/\/luxurybay.riviera.365villas.com\/es\/#website"},"datePublished":"2022-09-26T15:43:16+00:00","dateModified":"2023-09-06T22:25:34+00:00","breadcrumb":{"@id":"https:\/\/luxurybay.riviera.365villas.com\/es\/privacidad\/#breadcrumb"},"inLanguage":"es","potentialAction":[{"@type":"ReadAction","target":["https:\/\/luxurybay.riviera.365villas.com\/es\/privacidad\/"]}]},{"@type":"BreadcrumbList","@id":"https:\/\/luxurybay.riviera.365villas.com\/es\/privacidad\/#breadcrumb","itemListElement":[{"@type":"ListItem","position":1,"name":"Home","item":"https:\/\/luxurybay.riviera.365villas.com\/es\/"},{"@type":"ListItem","position":2,"name":"Privacidad"}]},{"@type":"WebSite","@id":"https:\/\/luxurybay.riviera.365villas.com\/es\/#website","url":"https:\/\/luxurybay.riviera.365villas.com\/es\/","name":"Riviera Theme","description":"You dream holiday start here","publisher":{"@id":"https:\/\/luxurybay.riviera.365villas.com\/es\/#organization"},"potentialAction":[{"@type":"SearchAction","target":{"@type":"EntryPoint","urlTemplate":"https:\/\/luxurybay.riviera.365villas.com\/es\/?s={search_term_string}"},"query-input":{"@type":"PropertyValueSpecification","valueRequired":true,"valueName":"search_term_string"}}],"inLanguage":"es"},{"@type":"Organization","@id":"https:\/\/luxurybay.riviera.365villas.com\/es\/#organization","name":"LujoVillas","url":"https:\/\/luxurybay.riviera.365villas.com\/es\/","logo":{"@type":"ImageObject","inLanguage":"es","@id":"https:\/\/luxurybay.riviera.365villas.com\/es\/#\/schema\/logo\/image\/","url":"https:\/\/demo1.riviera.365villas.com\/wp-content\/uploads\/sites\/19\/2022\/09\/lujo-logo-black.svg","contentUrl":"https:\/\/demo1.riviera.365villas.com\/wp-content\/uploads\/sites\/19\/2022\/09\/lujo-logo-black.svg","width":"1024","height":"1024","caption":"LujoVillas"},"image":{"@id":"https:\/\/luxurybay.riviera.365villas.com\/es\/#\/schema\/logo\/image\/"}}]}},"_links":{"self":[{"href":"https:\/\/luxurybay.riviera.365villas.com\/es\/wp-json\/wp\/v2\/pages\/2143","targetHints":{"allow":["GET"]}}],"collection":[{"href":"https:\/\/luxurybay.riviera.365villas.com\/es\/wp-json\/wp\/v2\/pages"}],"about":[{"href":"https:\/\/luxurybay.riviera.365villas.com\/es\/wp-json\/wp\/v2\/types\/page"}],"author":[{"embeddable":true,"href":"https:\/\/luxurybay.riviera.365villas.com\/es\/wp-json\/wp\/v2\/users\/1"}],"replies":[{"embeddable":true,"href":"https:\/\/luxurybay.riviera.365villas.com\/es\/wp-json\/wp\/v2\/comments?post=2143"}],"version-history":[{"count":6,"href":"https:\/\/luxurybay.riviera.365villas.com\/es\/wp-json\/wp\/v2\/pages\/2143\/revisions"}],"predecessor-version":[{"id":2149,"href":"https:\/\/luxurybay.riviera.365villas.com\/es\/wp-json\/wp\/v2\/pages\/2143\/revisions\/2149"}],"wp:attachment":[{"href":"https:\/\/luxurybay.riviera.365villas.com\/es\/wp-json\/wp\/v2\/media?parent=2143"}],"curies":[{"name":"wp","href":"https:\/\/api.w.org\/{rel}","templated":true}]}}