{"id":2140,"date":"2022-09-26T16:43:16","date_gmt":"2022-09-26T15:43:16","guid":{"rendered":"https:\/\/luxurybay.riviera.365villas.com\/terminos\/"},"modified":"2023-09-06T23:22:31","modified_gmt":"2023-09-06T22:22:31","slug":"terminos","status":"publish","type":"page","link":"https:\/\/luxurybay.riviera.365villas.com\/es\/terminos\/","title":{"rendered":"T\u00e9rminos"},"content":{"rendered":"<p>[et_pb_section fb_built=&#8221;1&#8243; fullwidth=&#8221;on&#8221; _builder_version=&#8221;4.18.0&#8243; _module_preset=&#8221;default&#8221; global_colors_info=&#8221;{}&#8221;][et_pb_fullwidth_header title=&#8221;T\u00e9rminos y condiciones&#8221; text_orientation=&#8221;center&#8221; _builder_version=&#8221;4.18.0&#8243; _module_preset=&#8221;default&#8221; title_font=&#8221;|700|||||||&#8221; title_font_size=&#8221;45px&#8221; background_color=&#8221;#f7f7f7&#8243; background_enable_image=&#8221;off&#8221; background_layout=&#8221;light&#8221; custom_padding=&#8221;70px||0px||false|false&#8221; custom_padding_tablet=&#8221;75px||75px||true|false&#8221; custom_padding_phone=&#8221;50px||50px||true|true&#8221; custom_padding_last_edited=&#8221;on|phone&#8221; title_font_size_tablet=&#8221;50px&#8221; title_font_size_phone=&#8221;35px&#8221; title_font_size_last_edited=&#8221;on|tablet&#8221; subhead_font_size_tablet=&#8221;16px&#8221; subhead_font_size_phone=&#8221;16px&#8221; subhead_font_size_last_edited=&#8221;on|desktop&#8221; global_colors_info=&#8221;{}&#8221; header_font_size_tablet=&#8221;50px&#8221; header_font_size_phone=&#8221;35px&#8221; header_font_size_last_edited=&#8221;on|phone&#8221;][\/et_pb_fullwidth_header][\/et_pb_section][et_pb_section fb_built=&#8221;1&#8243; custom_padding_last_edited=&#8221;on|phone&#8221; _builder_version=&#8221;4.18.0&#8243; _module_preset=&#8221;default&#8221; background_color=&#8221;#f7f7f7&#8243; use_background_color_gradient=&#8221;on&#8221; background_color_gradient_direction=&#8221;360deg&#8221; background_color_gradient_stops=&#8221;#ffffff 0%|#f7f7f7 100%&#8221; custom_padding=&#8221;42px||||false|false&#8221; custom_padding_tablet=&#8221;0px||||false|false&#8221; custom_padding_phone=&#8221;0px||||false|false&#8221; global_colors_info=&#8221;{}&#8221;][et_pb_row _builder_version=&#8221;4.18.0&#8243; _module_preset=&#8221;default&#8221; width=&#8221;50%&#8221; width_tablet=&#8221;80%&#8221; width_phone=&#8221;80%&#8221; width_last_edited=&#8221;on|tablet&#8221; custom_padding=&#8221;0px||0px||false|false&#8221; global_colors_info=&#8221;{}&#8221;][et_pb_column type=&#8221;4_4&#8243; _builder_version=&#8221;4.18.0&#8243; _module_preset=&#8221;default&#8221; global_colors_info=&#8221;{}&#8221;][et_pb_text _builder_version=&#8221;4.18.0&#8243; _module_preset=&#8221;default&#8221; hover_enabled=&#8221;0&#8243; global_colors_info=&#8221;{}&#8221; sticky_enabled=&#8221;0&#8243;]<\/p>\n<div data-v-11b4eedd=\"\" data-v-164ff72a=\"\" class=\"results__agreement-preview\">\n<h4>T\u00e9rminos y condiciones<\/h4>\n<p>\u00a1Bienvenidos a LujoVillas!<\/p>\n<p>Estos t\u00e9rminos y condiciones describen las reglas y regulaciones para el uso del sitio web de LujoVillas, ubicado en www.lujovillas.com.<\/p>\n<p>Al acceder a este sitio web, asumimos que acepta estos t\u00e9rminos y condiciones. No contin\u00fae usando LujoVillas si no acepta todos los t\u00e9rminos y condiciones establecidos en esta p\u00e1gina.<\/p>\n<h4>Cookies:<\/h4>\n<p>El sitio web utiliza cookies para ayudar a personalizar su experiencia en l\u00ednea. Al acceder a LujoVillas, aceptas el uso de las cookies requeridas.<\/p>\n<p>Una cookie es un archivo de texto que un servidor de p\u00e1ginas web coloca en su disco duro. Las cookies no se pueden utilizar para ejecutar programas ni enviar virus a su computadora. Las cookies se le asignan exclusivamente a usted y solo pueden ser le\u00eddas por un servidor web en el dominio que le emiti\u00f3 la cookie.<\/p>\n<p>Podemos utilizar cookies para recopilar, almacenar y rastrear informaci\u00f3n con fines estad\u00edsticos o de marketing para operar nuestro sitio web. Tiene la posibilidad de aceptar o rechazar las Cookies opcionales. Hay algunas cookies requeridas que son necesarias para el funcionamiento de nuestro sitio web. Estas cookies no requieren su consentimiento ya que siempre funcionan. Tenga en cuenta que al aceptar las Cookies requeridas, tambi\u00e9n acepta las Cookies de terceros, que podr\u00edan usarse a trav\u00e9s de servicios proporcionados por terceros si utiliza dichos servicios en nuestro sitio web, por ejemplo, una ventana de visualizaci\u00f3n de video proporcionada por terceros e integrada. en nuestro sitio web.<\/p>\n<h4>Licencia:<\/h4>\n<p>A menos que se indique lo contrario, LujoVillas y\/o sus licenciantes poseen los derechos de propiedad intelectual de todo el material de LujoVillas. All intellectual property rights are reserved. Puede acceder a esto desde LujoVillas para su uso personal sujeto a las restricciones establecidas en estos t\u00e9rminos y condiciones.<\/p>\n<p>No debes:<\/p>\n<ul>\n<li>Copiar o volver a publicar material de LujoVillas<\/li>\n<li>Vender, alquilar o sublicenciar material de LujoVillas<\/li>\n<li>Reproducir, duplicar o copiar material de LujoVillas<\/li>\n<li>Redistribuir contenido de LujoVillas<\/li>\n<\/ul>\n<p>Este Acuerdo comenzar\u00e1 en la fecha del presente.<\/p>\n<p>Partes de este sitio web ofrecen a los usuarios la oportunidad de publicar e intercambiar opiniones e informaci\u00f3n en determinadas \u00e1reas del sitio web. LujoVillas no filtra, edita, publica ni revisa los Comentarios antes de su presencia en el sitio web. Comments do not reflect the views and opinions of LujoVillas, its agents, and\/or affiliates. Comments reflect the views and opinions of the person who posts their views and opinions. To the extent permitted by applicable laws, LujoVillas shall not be liable for the Comments or any liability, damages, or expenses caused and\/or suffered as a result of any use of and\/or posting of and\/or appearance of the Comments on this website.<\/p>\n<p>LujoVillas se reserva el derecho de monitorear todos los Comentarios y eliminar cualquier Comentario que pueda considerarse inapropiado, ofensivo o que infrinja estos T\u00e9rminos y Condiciones.<\/p>\n<p>Usted garantiza y declara que:<\/p>\n<ul>\n<li>Usted garantiza y declara que:<\/li>\n<li>The Comments do not invade any intellectual property right, including without limitation copyright, patent, or trademark of any third party;<\/li>\n<li>The Comments do not contain any defamatory, libelous, offensive, indecent, or otherwise unlawful material, which is an invasion of privacy.<\/li>\n<li>Los Comentarios no se utilizar\u00e1n para solicitar o promover negocios o costumbres o presentar actividades comerciales o actividades ilegales.<\/li>\n<\/ul>\n<p>You hereby grant LujoVillas a non-exclusive license to use, reproduce, edit and authorize others to use, reproduce and edit any of your Comments in any and all forms, formats, or media.<\/p>\n<h4>Hiperv\u00ednculos a nuestro contenido:<\/h4>\n<p>Las siguientes organizaciones pueden vincularse a nuestro sitio web sin aprobaci\u00f3n previa por escrito:<\/p>\n<ul>\n<li>Government agencies;<\/li>\n<li>Search engines;<\/li>\n<li>Organizaciones de noticias;<\/li>\n<li>Los distribuidores de directorios en l\u00ednea pueden vincularse a nuestro sitio web de la misma manera que lo hacen a los sitios web de otras empresas enumeradas; y<\/li>\n<li>System-wide Accredited Businesses except soliciting non-profit organizations, charity shopping malls, and charity fundraising groups which may not hyperlink to our Web site.<\/li>\n<\/ul>\n<p>These organizations may link to our home page, to publications, or to other Website information so long as the link: (a) is not in any way deceptive; (b) does not falsely imply sponsorship, endorsement, or approval of the linking party and its products and\/or services; and (c) fits within the context of the linking party&#8217;s site.<\/p>\n<p>We may consider and approve other link requests from the following types of organizations:<\/p>\n<ul>\n<li>commonly-known consumer and\/or business information sources;<\/li>\n<li>dot.com community sites;<\/li>\n<li>associations or other groups representing charities;<\/li>\n<li>online directory distributors;<\/li>\n<li>internet portals;<\/li>\n<li>accounting, law, and consulting firms; and<\/li>\n<li>educational institutions and trade associations.<\/li>\n<\/ul>\n<p>We will approve link requests from these organizations if we decide that: (a) the link would not make us look unfavorably to ourselves or to our accredited businesses; (b) the organization does not have any negative records with us; (c) the benefit to us from the visibility of the hyperlink compensates the absence of LujoVillas; and (d) the link is in the context of general resource information.<\/p>\n<p>These organizations may link to our home page so long as the link: (a) is not in any way deceptive; (b) does not falsely imply sponsorship, endorsement, or approval of the linking party and its products or services; and (c) fits within the context of the linking party&#8217;s site.<\/p>\n<p>If you are one of the organizations listed in paragraph 2 above and are interested in linking to our website, you must inform us by sending an e-mail to LujoVillas. Please include your name, your organization name, contact information as well as the URL of your site, a list of any URLs from which you intend to link to our Website, and a list of the URLs on our site to which you would like to link. Wait 2-3 weeks for a response.<\/p>\n<p>Approved organizations may hyperlink to our Website as follows:<\/p>\n<ul>\n<li>By use of our corporate name; or<\/li>\n<li>By use of the uniform resource locator being linked to; or<\/li>\n<li>Using any other description of our Website being linked to that makes sense within the context and format of content on the linking party&#8217;s site.<\/li>\n<\/ul>\n<p>No use of LujoVillas&#8217;s logo or other artwork will be allowed for linking absent a trademark license agreement.<\/p>\n<h4>Content Liability:<\/h4>\n<p>We shall not be held responsible for any content that appears on your Website. You agree to protect and defend us against all claims that are raised on your Website. No link(s) should appear on any Website that may be interpreted as libelous, obscene, or criminal, or which infringes, otherwise violates, or advocates the infringement or other violation of, any third party rights.<\/p>\n<h4>Reservation of Rights:<\/h4>\n<p>We reserve the right to request that you remove all links or any particular link to our Website. You approve to immediately remove all links to our Website upon request. We also reserve the right to amend these terms and conditions and its linking policy at any time. By continuously linking to our Website, you agree to be bound to and follow these linking terms and conditions.<\/p>\n<h4>Removal of links from our website:<\/h4>\n<p>If you find any link on our Website that is offensive for any reason, you are free to contact and inform us at any moment. We will consider requests to remove links, but we are not obligated to or so or to respond to you directly.<\/p>\n<p>We do not ensure that the information on this website is correct. We do not warrant its completeness or accuracy, nor do we promise to ensure that the website remains available or that the material on the website is kept up to date.<\/p>\n<h4>Disclaimer:<\/h4>\n<p>To the maximum extent permitted by applicable law, we exclude all representations, warranties, and conditions relating to our website and the use of this website. Nothing in this disclaimer will:<\/p>\n<ul>\n<li>limit or exclude our or your liability for death or personal injury;<\/li>\n<li>limit or exclude our or your liability for fraud or fraudulent misrepresentation;<\/li>\n<li>limit any of our or your liabilities in any way that is not permitted under applicable law; or<\/li>\n<li>exclude any of our or your liabilities that may not be excluded under applicable law.<\/li>\n<\/ul>\n<p>The limitations and prohibitions of liability set in this Section and elsewhere in this disclaimer: (a) are subject to the preceding paragraph; and (b) govern all liabilities arising under the disclaimer, including liabilities arising in contract, in tort, and for breach of statutory duty.<\/p>\n<p>Siempre que el sitio web y la informaci\u00f3n y los servicios del sitio web se proporcionen de forma gratuita, no seremos responsables de ninguna p\u00e9rdida o da\u00f1o de cualquier naturaleza.<\/p>\n<\/div>\n<p>[\/et_pb_text][\/et_pb_column][\/et_pb_row][\/et_pb_section]<\/p>\n","protected":false},"excerpt":{"rendered":"<p>T\u00e9rminos y condiciones \u00a1Bienvenidos a LujoVillas! Estos t\u00e9rminos y condiciones describen las reglas y regulaciones para el uso del sitio web de LujoVillas, ubicado en www.lujovillas.com. Al acceder a este sitio web, asumimos que acepta estos t\u00e9rminos y condiciones. No contin\u00fae usando LujoVillas si no acepta todos los t\u00e9rminos y condiciones establecidos en esta p\u00e1gina. [&hellip;]<\/p>\n","protected":false},"author":1,"featured_media":0,"parent":0,"menu_order":14,"comment_status":"closed","ping_status":"closed","template":"","meta":{"_et_pb_use_builder":"on","_et_pb_old_content":"","_et_gb_content_width":"","inline_featured_image":false,"footnotes":""},"class_list":["post-2140","page","type-page","status-publish","hentry"],"yoast_head":"<!-- This site is optimized with the Yoast SEO Premium plugin v24.1 (Yoast SEO v26.6) - https:\/\/yoast.com\/wordpress\/plugins\/seo\/ -->\n<title>T\u00e9rminos - Luxury Bay Villas<\/title>\n<meta name=\"robots\" content=\"noindex, follow, max-snippet:-1, max-image-preview:large, max-video-preview:-1\" \/>\n<meta property=\"og:locale\" content=\"es_ES\" \/>\n<meta property=\"og:type\" content=\"article\" \/>\n<meta property=\"og:title\" content=\"T\u00e9rminos\" \/>\n<meta property=\"og:description\" content=\"T\u00e9rminos y condiciones \u00a1Bienvenidos a LujoVillas! Estos t\u00e9rminos y condiciones describen las reglas y regulaciones para el uso del sitio web de LujoVillas, ubicado en www.lujovillas.com. Al acceder a este sitio web, asumimos que acepta estos t\u00e9rminos y condiciones. No contin\u00fae usando LujoVillas si no acepta todos los t\u00e9rminos y condiciones establecidos en esta p\u00e1gina. [&hellip;]\" \/>\n<meta property=\"og:url\" content=\"https:\/\/luxurybay.riviera.365villas.com\/es\/terminos\/\" \/>\n<meta property=\"og:site_name\" content=\"Luxury Bay Villas\" \/>\n<meta property=\"article:modified_time\" content=\"2023-09-06T22:22:31+00:00\" \/>\n<meta name=\"twitter:card\" content=\"summary_large_image\" \/>\n<meta name=\"twitter:label1\" content=\"Tiempo de lectura\" \/>\n\t<meta name=\"twitter:data1\" content=\"9 minutos\" \/>\n<script type=\"application\/ld+json\" class=\"yoast-schema-graph\">{\"@context\":\"https:\/\/schema.org\",\"@graph\":[{\"@type\":\"WebPage\",\"@id\":\"https:\/\/luxurybay.riviera.365villas.com\/es\/terminos\/\",\"url\":\"https:\/\/luxurybay.riviera.365villas.com\/es\/terminos\/\",\"name\":\"T\u00e9rminos - Luxury Bay Villas\",\"isPartOf\":{\"@id\":\"https:\/\/luxurybay.riviera.365villas.com\/es\/#website\"},\"datePublished\":\"2022-09-26T15:43:16+00:00\",\"dateModified\":\"2023-09-06T22:22:31+00:00\",\"breadcrumb\":{\"@id\":\"https:\/\/luxurybay.riviera.365villas.com\/es\/terminos\/#breadcrumb\"},\"inLanguage\":\"es\",\"potentialAction\":[{\"@type\":\"ReadAction\",\"target\":[\"https:\/\/luxurybay.riviera.365villas.com\/es\/terminos\/\"]}]},{\"@type\":\"BreadcrumbList\",\"@id\":\"https:\/\/luxurybay.riviera.365villas.com\/es\/terminos\/#breadcrumb\",\"itemListElement\":[{\"@type\":\"ListItem\",\"position\":1,\"name\":\"Home\",\"item\":\"https:\/\/luxurybay.riviera.365villas.com\/es\/\"},{\"@type\":\"ListItem\",\"position\":2,\"name\":\"T\u00e9rminos\"}]},{\"@type\":\"WebSite\",\"@id\":\"https:\/\/luxurybay.riviera.365villas.com\/es\/#website\",\"url\":\"https:\/\/luxurybay.riviera.365villas.com\/es\/\",\"name\":\"Riviera Theme\",\"description\":\"You dream holiday start here\",\"publisher\":{\"@id\":\"https:\/\/luxurybay.riviera.365villas.com\/es\/#organization\"},\"potentialAction\":[{\"@type\":\"SearchAction\",\"target\":{\"@type\":\"EntryPoint\",\"urlTemplate\":\"https:\/\/luxurybay.riviera.365villas.com\/es\/?s={search_term_string}\"},\"query-input\":{\"@type\":\"PropertyValueSpecification\",\"valueRequired\":true,\"valueName\":\"search_term_string\"}}],\"inLanguage\":\"es\"},{\"@type\":\"Organization\",\"@id\":\"https:\/\/luxurybay.riviera.365villas.com\/es\/#organization\",\"name\":\"LujoVillas\",\"url\":\"https:\/\/luxurybay.riviera.365villas.com\/es\/\",\"logo\":{\"@type\":\"ImageObject\",\"inLanguage\":\"es\",\"@id\":\"https:\/\/luxurybay.riviera.365villas.com\/es\/#\/schema\/logo\/image\/\",\"url\":\"https:\/\/demo1.riviera.365villas.com\/wp-content\/uploads\/sites\/19\/2022\/09\/lujo-logo-black.svg\",\"contentUrl\":\"https:\/\/demo1.riviera.365villas.com\/wp-content\/uploads\/sites\/19\/2022\/09\/lujo-logo-black.svg\",\"width\":\"1024\",\"height\":\"1024\",\"caption\":\"LujoVillas\"},\"image\":{\"@id\":\"https:\/\/luxurybay.riviera.365villas.com\/es\/#\/schema\/logo\/image\/\"}}]}<\/script>\n<!-- \/ Yoast SEO Premium plugin. -->","yoast_head_json":{"title":"T\u00e9rminos - Luxury Bay Villas","robots":{"index":"noindex","follow":"follow","max-snippet":"max-snippet:-1","max-image-preview":"max-image-preview:large","max-video-preview":"max-video-preview:-1"},"og_locale":"es_ES","og_type":"article","og_title":"T\u00e9rminos","og_description":"T\u00e9rminos y condiciones \u00a1Bienvenidos a LujoVillas! Estos t\u00e9rminos y condiciones describen las reglas y regulaciones para el uso del sitio web de LujoVillas, ubicado en www.lujovillas.com. Al acceder a este sitio web, asumimos que acepta estos t\u00e9rminos y condiciones. No contin\u00fae usando LujoVillas si no acepta todos los t\u00e9rminos y condiciones establecidos en esta p\u00e1gina. [&hellip;]","og_url":"https:\/\/luxurybay.riviera.365villas.com\/es\/terminos\/","og_site_name":"Luxury Bay Villas","article_modified_time":"2023-09-06T22:22:31+00:00","twitter_card":"summary_large_image","twitter_misc":{"Tiempo de lectura":"9 minutos"},"schema":{"@context":"https:\/\/schema.org","@graph":[{"@type":"WebPage","@id":"https:\/\/luxurybay.riviera.365villas.com\/es\/terminos\/","url":"https:\/\/luxurybay.riviera.365villas.com\/es\/terminos\/","name":"T\u00e9rminos - Luxury Bay Villas","isPartOf":{"@id":"https:\/\/luxurybay.riviera.365villas.com\/es\/#website"},"datePublished":"2022-09-26T15:43:16+00:00","dateModified":"2023-09-06T22:22:31+00:00","breadcrumb":{"@id":"https:\/\/luxurybay.riviera.365villas.com\/es\/terminos\/#breadcrumb"},"inLanguage":"es","potentialAction":[{"@type":"ReadAction","target":["https:\/\/luxurybay.riviera.365villas.com\/es\/terminos\/"]}]},{"@type":"BreadcrumbList","@id":"https:\/\/luxurybay.riviera.365villas.com\/es\/terminos\/#breadcrumb","itemListElement":[{"@type":"ListItem","position":1,"name":"Home","item":"https:\/\/luxurybay.riviera.365villas.com\/es\/"},{"@type":"ListItem","position":2,"name":"T\u00e9rminos"}]},{"@type":"WebSite","@id":"https:\/\/luxurybay.riviera.365villas.com\/es\/#website","url":"https:\/\/luxurybay.riviera.365villas.com\/es\/","name":"Riviera Theme","description":"You dream holiday start here","publisher":{"@id":"https:\/\/luxurybay.riviera.365villas.com\/es\/#organization"},"potentialAction":[{"@type":"SearchAction","target":{"@type":"EntryPoint","urlTemplate":"https:\/\/luxurybay.riviera.365villas.com\/es\/?s={search_term_string}"},"query-input":{"@type":"PropertyValueSpecification","valueRequired":true,"valueName":"search_term_string"}}],"inLanguage":"es"},{"@type":"Organization","@id":"https:\/\/luxurybay.riviera.365villas.com\/es\/#organization","name":"LujoVillas","url":"https:\/\/luxurybay.riviera.365villas.com\/es\/","logo":{"@type":"ImageObject","inLanguage":"es","@id":"https:\/\/luxurybay.riviera.365villas.com\/es\/#\/schema\/logo\/image\/","url":"https:\/\/demo1.riviera.365villas.com\/wp-content\/uploads\/sites\/19\/2022\/09\/lujo-logo-black.svg","contentUrl":"https:\/\/demo1.riviera.365villas.com\/wp-content\/uploads\/sites\/19\/2022\/09\/lujo-logo-black.svg","width":"1024","height":"1024","caption":"LujoVillas"},"image":{"@id":"https:\/\/luxurybay.riviera.365villas.com\/es\/#\/schema\/logo\/image\/"}}]}},"_links":{"self":[{"href":"https:\/\/luxurybay.riviera.365villas.com\/es\/wp-json\/wp\/v2\/pages\/2140","targetHints":{"allow":["GET"]}}],"collection":[{"href":"https:\/\/luxurybay.riviera.365villas.com\/es\/wp-json\/wp\/v2\/pages"}],"about":[{"href":"https:\/\/luxurybay.riviera.365villas.com\/es\/wp-json\/wp\/v2\/types\/page"}],"author":[{"embeddable":true,"href":"https:\/\/luxurybay.riviera.365villas.com\/es\/wp-json\/wp\/v2\/users\/1"}],"replies":[{"embeddable":true,"href":"https:\/\/luxurybay.riviera.365villas.com\/es\/wp-json\/wp\/v2\/comments?post=2140"}],"version-history":[{"count":2,"href":"https:\/\/luxurybay.riviera.365villas.com\/es\/wp-json\/wp\/v2\/pages\/2140\/revisions"}],"predecessor-version":[{"id":2142,"href":"https:\/\/luxurybay.riviera.365villas.com\/es\/wp-json\/wp\/v2\/pages\/2140\/revisions\/2142"}],"wp:attachment":[{"href":"https:\/\/luxurybay.riviera.365villas.com\/es\/wp-json\/wp\/v2\/media?parent=2140"}],"curies":[{"name":"wp","href":"https:\/\/api.w.org\/{rel}","templated":true}]}}