{"id":2122,"date":"2022-09-26T16:44:17","date_gmt":"2022-09-26T15:44:17","guid":{"rendered":"https:\/\/luxurybay.riviera.365villas.com\/noticias-y-ofertas\/"},"modified":"2023-09-06T23:08:25","modified_gmt":"2023-09-06T22:08:25","slug":"noticias-y-ofertas","status":"publish","type":"page","link":"https:\/\/luxurybay.riviera.365villas.com\/es\/noticias-y-ofertas\/","title":{"rendered":"Noticias y Ofertas"},"content":{"rendered":"<p>[et_pb_section fb_built=&#8221;1&#8243; fullwidth=&#8221;on&#8221; _builder_version=&#8221;4.18.0&#8243; _module_preset=&#8221;default&#8221; global_colors_info=&#8221;{}&#8221;][et_pb_fullwidth_header title=&#8221;Noticias y Ofertas&#8221; subhead=&#8221;\u00a1Mant\u00e9ngase al d\u00eda con las \u00faltimas novedades de Lujo y ofertas especiales!&#8221; text_orientation=&#8221;center&#8221; _builder_version=&#8221;4.18.0&#8243; _module_preset=&#8221;default&#8221; title_font=&#8221;|700|||||||&#8221; title_font_size=&#8221;55px&#8221; background_color=&#8221;#f7f7f7&#8243; background_enable_image=&#8221;off&#8221; background_layout=&#8221;light&#8221; custom_padding=&#8221;70px||0px||false|false&#8221; custom_padding_tablet=&#8221;50px||25px||false|false&#8221; custom_padding_phone=&#8221;25px||0px||false|true&#8221; custom_padding_last_edited=&#8221;on|phone&#8221; title_font_size_tablet=&#8221;50px&#8221; title_font_size_phone=&#8221;35px&#8221; title_font_size_last_edited=&#8221;on|tablet&#8221; subhead_font_size_tablet=&#8221;16px&#8221; subhead_font_size_phone=&#8221;16px&#8221; subhead_font_size_last_edited=&#8221;on|desktop&#8221; global_colors_info=&#8221;{}&#8221; header_font_size_tablet=&#8221;50px&#8221; header_font_size_phone=&#8221;35px&#8221; header_font_size_last_edited=&#8221;on|phone&#8221;][\/et_pb_fullwidth_header][\/et_pb_section][et_pb_section fb_built=&#8221;1&#8243; _builder_version=&#8221;4.18.0&#8243; _module_preset=&#8221;default&#8221; background_color=&#8221;#f7f7f7&#8243; custom_padding=&#8221;0px|||||&#8221; global_colors_info=&#8221;{}&#8221;][et_pb_row _builder_version=&#8221;4.18.0&#8243; _module_preset=&#8221;default&#8221; width=&#8221;90%&#8221; global_colors_info=&#8221;{}&#8221;][et_pb_column type=&#8221;4_4&#8243; _builder_version=&#8221;4.18.0&#8243; _module_preset=&#8221;default&#8221; global_colors_info=&#8221;{}&#8221;][et_pb_blog fullwidth=&#8221;off&#8221; posts_number=&#8221;12&#8243; include_categories=&#8221;all&#8221; show_more=&#8221;on&#8221; show_author=&#8221;off&#8221; module_class=&#8221;et-custom-read-more-text&#8221; _builder_version=&#8221;4.18.0&#8243; _module_preset=&#8221;default&#8221; read_more_font=&#8221;Montserrat||||||||&#8221; text_orientation=&#8221;center&#8221; custom_padding=&#8221;||||false|true&#8221; custom_css_content=&#8221;padding-bottom:30px&#8221; custom_css_read_more=&#8221;background-color:#00ba95; color:#fff; padding:6px 18px; border-radius:5px; display:inline-block; margin-top:10px; border: 2px solid #00ba95&#8243; border_radii=&#8221;on|20px|20px|20px|20px&#8221; border_width_all=&#8221;0px&#8221; global_colors_info=&#8221;{}&#8221; custom_css_read_more__hover_enabled=&#8221;on|desktop&#8221; custom_css_read_more__hover=&#8221;background-color:#fff; color:#00ba95; &#8220;][\/et_pb_blog][et_pb_code _builder_version=&#8221;4.18.0&#8243; _module_preset=&#8221;default&#8221; global_colors_info=&#8221;{}&#8221;]<script><!-- [et_pb_line_break_holder] -->(function ($) {<!-- [et_pb_line_break_holder] -->  $(document).on(\"ready ajaxComplete\", function () {<!-- [et_pb_line_break_holder] -->    $(\".et-custom-read-more-text .et_pb_post a.more-link\").html(\"Read post\");<!-- [et_pb_line_break_holder] -->  });<!-- [et_pb_line_break_holder] -->})(jQuery);<!-- [et_pb_line_break_holder] --><\/script>[\/et_pb_code][\/et_pb_column][\/et_pb_row][\/et_pb_section]<\/p>\n","protected":false},"excerpt":{"rendered":"","protected":false},"author":1,"featured_media":0,"parent":0,"menu_order":8,"comment_status":"closed","ping_status":"closed","template":"","meta":{"_et_pb_use_builder":"on","_et_pb_old_content":"","_et_gb_content_width":"","inline_featured_image":false,"footnotes":""},"class_list":["post-2122","page","type-page","status-publish","hentry"],"yoast_head":"<!-- This site is optimized with the Yoast SEO Premium plugin v24.1 (Yoast SEO v26.6) - https:\/\/yoast.com\/wordpress\/plugins\/seo\/ -->\n<title>Noticias y Ofertas - Luxury Bay Villas<\/title>\n<meta name=\"robots\" content=\"noindex, follow, max-snippet:-1, max-image-preview:large, max-video-preview:-1\" \/>\n<meta property=\"og:locale\" content=\"es_ES\" \/>\n<meta property=\"og:type\" content=\"article\" \/>\n<meta property=\"og:title\" content=\"Noticias y Ofertas\" \/>\n<meta property=\"og:url\" content=\"https:\/\/luxurybay.riviera.365villas.com\/es\/noticias-y-ofertas\/\" \/>\n<meta property=\"og:site_name\" content=\"Luxury Bay Villas\" \/>\n<meta property=\"article:modified_time\" content=\"2023-09-06T22:08:25+00:00\" \/>\n<meta name=\"twitter:card\" content=\"summary_large_image\" \/>\n<meta name=\"twitter:label1\" content=\"Tiempo de lectura\" \/>\n\t<meta name=\"twitter:data1\" content=\"2 minutos\" \/>\n<script type=\"application\/ld+json\" class=\"yoast-schema-graph\">{\"@context\":\"https:\/\/schema.org\",\"@graph\":[{\"@type\":\"WebPage\",\"@id\":\"https:\/\/luxurybay.riviera.365villas.com\/es\/noticias-y-ofertas\/\",\"url\":\"https:\/\/luxurybay.riviera.365villas.com\/es\/noticias-y-ofertas\/\",\"name\":\"Noticias y Ofertas - Luxury Bay Villas\",\"isPartOf\":{\"@id\":\"https:\/\/luxurybay.riviera.365villas.com\/es\/#website\"},\"datePublished\":\"2022-09-26T15:44:17+00:00\",\"dateModified\":\"2023-09-06T22:08:25+00:00\",\"breadcrumb\":{\"@id\":\"https:\/\/luxurybay.riviera.365villas.com\/es\/noticias-y-ofertas\/#breadcrumb\"},\"inLanguage\":\"es\",\"potentialAction\":[{\"@type\":\"ReadAction\",\"target\":[\"https:\/\/luxurybay.riviera.365villas.com\/es\/noticias-y-ofertas\/\"]}]},{\"@type\":\"BreadcrumbList\",\"@id\":\"https:\/\/luxurybay.riviera.365villas.com\/es\/noticias-y-ofertas\/#breadcrumb\",\"itemListElement\":[{\"@type\":\"ListItem\",\"position\":1,\"name\":\"Home\",\"item\":\"https:\/\/luxurybay.riviera.365villas.com\/es\/\"},{\"@type\":\"ListItem\",\"position\":2,\"name\":\"Noticias y Ofertas\"}]},{\"@type\":\"WebSite\",\"@id\":\"https:\/\/luxurybay.riviera.365villas.com\/es\/#website\",\"url\":\"https:\/\/luxurybay.riviera.365villas.com\/es\/\",\"name\":\"Riviera Theme\",\"description\":\"You dream holiday start here\",\"publisher\":{\"@id\":\"https:\/\/luxurybay.riviera.365villas.com\/es\/#organization\"},\"potentialAction\":[{\"@type\":\"SearchAction\",\"target\":{\"@type\":\"EntryPoint\",\"urlTemplate\":\"https:\/\/luxurybay.riviera.365villas.com\/es\/?s={search_term_string}\"},\"query-input\":{\"@type\":\"PropertyValueSpecification\",\"valueRequired\":true,\"valueName\":\"search_term_string\"}}],\"inLanguage\":\"es\"},{\"@type\":\"Organization\",\"@id\":\"https:\/\/luxurybay.riviera.365villas.com\/es\/#organization\",\"name\":\"LujoVillas\",\"url\":\"https:\/\/luxurybay.riviera.365villas.com\/es\/\",\"logo\":{\"@type\":\"ImageObject\",\"inLanguage\":\"es\",\"@id\":\"https:\/\/luxurybay.riviera.365villas.com\/es\/#\/schema\/logo\/image\/\",\"url\":\"https:\/\/demo1.riviera.365villas.com\/wp-content\/uploads\/sites\/19\/2022\/09\/lujo-logo-black.svg\",\"contentUrl\":\"https:\/\/demo1.riviera.365villas.com\/wp-content\/uploads\/sites\/19\/2022\/09\/lujo-logo-black.svg\",\"width\":\"1024\",\"height\":\"1024\",\"caption\":\"LujoVillas\"},\"image\":{\"@id\":\"https:\/\/luxurybay.riviera.365villas.com\/es\/#\/schema\/logo\/image\/\"}}]}<\/script>\n<!-- \/ Yoast SEO Premium plugin. -->","yoast_head_json":{"title":"Noticias y Ofertas - Luxury Bay Villas","robots":{"index":"noindex","follow":"follow","max-snippet":"max-snippet:-1","max-image-preview":"max-image-preview:large","max-video-preview":"max-video-preview:-1"},"og_locale":"es_ES","og_type":"article","og_title":"Noticias y Ofertas","og_url":"https:\/\/luxurybay.riviera.365villas.com\/es\/noticias-y-ofertas\/","og_site_name":"Luxury Bay Villas","article_modified_time":"2023-09-06T22:08:25+00:00","twitter_card":"summary_large_image","twitter_misc":{"Tiempo de lectura":"2 minutos"},"schema":{"@context":"https:\/\/schema.org","@graph":[{"@type":"WebPage","@id":"https:\/\/luxurybay.riviera.365villas.com\/es\/noticias-y-ofertas\/","url":"https:\/\/luxurybay.riviera.365villas.com\/es\/noticias-y-ofertas\/","name":"Noticias y Ofertas - Luxury Bay Villas","isPartOf":{"@id":"https:\/\/luxurybay.riviera.365villas.com\/es\/#website"},"datePublished":"2022-09-26T15:44:17+00:00","dateModified":"2023-09-06T22:08:25+00:00","breadcrumb":{"@id":"https:\/\/luxurybay.riviera.365villas.com\/es\/noticias-y-ofertas\/#breadcrumb"},"inLanguage":"es","potentialAction":[{"@type":"ReadAction","target":["https:\/\/luxurybay.riviera.365villas.com\/es\/noticias-y-ofertas\/"]}]},{"@type":"BreadcrumbList","@id":"https:\/\/luxurybay.riviera.365villas.com\/es\/noticias-y-ofertas\/#breadcrumb","itemListElement":[{"@type":"ListItem","position":1,"name":"Home","item":"https:\/\/luxurybay.riviera.365villas.com\/es\/"},{"@type":"ListItem","position":2,"name":"Noticias y Ofertas"}]},{"@type":"WebSite","@id":"https:\/\/luxurybay.riviera.365villas.com\/es\/#website","url":"https:\/\/luxurybay.riviera.365villas.com\/es\/","name":"Riviera Theme","description":"You dream holiday start here","publisher":{"@id":"https:\/\/luxurybay.riviera.365villas.com\/es\/#organization"},"potentialAction":[{"@type":"SearchAction","target":{"@type":"EntryPoint","urlTemplate":"https:\/\/luxurybay.riviera.365villas.com\/es\/?s={search_term_string}"},"query-input":{"@type":"PropertyValueSpecification","valueRequired":true,"valueName":"search_term_string"}}],"inLanguage":"es"},{"@type":"Organization","@id":"https:\/\/luxurybay.riviera.365villas.com\/es\/#organization","name":"LujoVillas","url":"https:\/\/luxurybay.riviera.365villas.com\/es\/","logo":{"@type":"ImageObject","inLanguage":"es","@id":"https:\/\/luxurybay.riviera.365villas.com\/es\/#\/schema\/logo\/image\/","url":"https:\/\/demo1.riviera.365villas.com\/wp-content\/uploads\/sites\/19\/2022\/09\/lujo-logo-black.svg","contentUrl":"https:\/\/demo1.riviera.365villas.com\/wp-content\/uploads\/sites\/19\/2022\/09\/lujo-logo-black.svg","width":"1024","height":"1024","caption":"LujoVillas"},"image":{"@id":"https:\/\/luxurybay.riviera.365villas.com\/es\/#\/schema\/logo\/image\/"}}]}},"_links":{"self":[{"href":"https:\/\/luxurybay.riviera.365villas.com\/es\/wp-json\/wp\/v2\/pages\/2122","targetHints":{"allow":["GET"]}}],"collection":[{"href":"https:\/\/luxurybay.riviera.365villas.com\/es\/wp-json\/wp\/v2\/pages"}],"about":[{"href":"https:\/\/luxurybay.riviera.365villas.com\/es\/wp-json\/wp\/v2\/types\/page"}],"author":[{"embeddable":true,"href":"https:\/\/luxurybay.riviera.365villas.com\/es\/wp-json\/wp\/v2\/users\/1"}],"replies":[{"embeddable":true,"href":"https:\/\/luxurybay.riviera.365villas.com\/es\/wp-json\/wp\/v2\/comments?post=2122"}],"version-history":[{"count":2,"href":"https:\/\/luxurybay.riviera.365villas.com\/es\/wp-json\/wp\/v2\/pages\/2122\/revisions"}],"predecessor-version":[{"id":2124,"href":"https:\/\/luxurybay.riviera.365villas.com\/es\/wp-json\/wp\/v2\/pages\/2122\/revisions\/2124"}],"wp:attachment":[{"href":"https:\/\/luxurybay.riviera.365villas.com\/es\/wp-json\/wp\/v2\/media?parent=2122"}],"curies":[{"name":"wp","href":"https:\/\/api.w.org\/{rel}","templated":true}]}}